{"id":100,"date":"2016-04-01T17:38:57","date_gmt":"2016-04-01T15:38:57","guid":{"rendered":"http:\/\/koerpertakt.de\/?page_id=100"},"modified":"2022-07-31T16:42:26","modified_gmt":"2022-07-31T14:42:26","slug":"klassische-massage","status":"publish","type":"page","link":"https:\/\/koerpertakt.de\/?page_id=100","title":{"rendered":"Klassische Massage"},"content":{"rendered":"\n<div class=\"wp-block-media-text alignwide has-media-on-the-right is-stacked-on-mobile\"><figure class=\"wp-block-media-text__media\"><img loading=\"lazy\" decoding=\"async\" width=\"1024\" height=\"683\" src=\"https:\/\/koerpertakt.de\/wp-content\/uploads\/2022\/07\/KoerperTakt_20220205-98-1024x683.jpg\" alt=\"\" class=\"wp-image-1094 size-full\" srcset=\"https:\/\/koerpertakt.de\/wp-content\/uploads\/2022\/07\/KoerperTakt_20220205-98-1024x683.jpg 1024w, https:\/\/koerpertakt.de\/wp-content\/uploads\/2022\/07\/KoerperTakt_20220205-98-300x200.jpg 300w, https:\/\/koerpertakt.de\/wp-content\/uploads\/2022\/07\/KoerperTakt_20220205-98-768x512.jpg 768w, https:\/\/koerpertakt.de\/wp-content\/uploads\/2022\/07\/KoerperTakt_20220205-98-1536x1024.jpg 1536w, https:\/\/koerpertakt.de\/wp-content\/uploads\/2022\/07\/KoerperTakt_20220205-98-2048x1366.jpg 2048w\" sizes=\"auto, (max-width: 706px) 89vw, (max-width: 767px) 82vw, 740px\" \/><\/figure><div class=\"wp-block-media-text__content\">\n<p class=\"has-black-color has-text-color has-medium-font-size\"><span style=\"color: #333333;\"><br>Die Massage dient zur mechanischen Beeinflussung von Haut, Bindegewebe und Muskulatur durch Dehnungs-, Zug- und Druckreiz. Die Wirkung der Massage erstreckt sich von der behandelten Stelle des K\u00f6rpers \u00fcber den gesamten Organismus und schlie\u00dft auch die Psyche mit ein.<\/span><\/p>\n<\/div><\/div>\n","protected":false},"excerpt":{"rendered":"<p>Die Massage dient zur mechanischen Beeinflussung von Haut, Bindegewebe und Muskulatur durch Dehnungs-, Zug- und Druckreiz. Die Wirkung der Massage erstreckt sich von der behandelten Stelle des K\u00f6rpers \u00fcber den gesamten Organismus und schlie\u00dft auch die Psyche mit ein.<\/p>\n","protected":false},"author":1,"featured_media":0,"parent":0,"menu_order":0,"comment_status":"closed","ping_status":"closed","template":"template-fullwidth.php","meta":{"footnotes":""},"class_list":["post-100","page","type-page","status-publish","hentry"],"_links":{"self":[{"href":"https:\/\/koerpertakt.de\/index.php?rest_route=\/wp\/v2\/pages\/100","targetHints":{"allow":["GET"]}}],"collection":[{"href":"https:\/\/koerpertakt.de\/index.php?rest_route=\/wp\/v2\/pages"}],"about":[{"href":"https:\/\/koerpertakt.de\/index.php?rest_route=\/wp\/v2\/types\/page"}],"author":[{"embeddable":true,"href":"https:\/\/koerpertakt.de\/index.php?rest_route=\/wp\/v2\/users\/1"}],"replies":[{"embeddable":true,"href":"https:\/\/koerpertakt.de\/index.php?rest_route=%2Fwp%2Fv2%2Fcomments&post=100"}],"version-history":[{"count":10,"href":"https:\/\/koerpertakt.de\/index.php?rest_route=\/wp\/v2\/pages\/100\/revisions"}],"predecessor-version":[{"id":1095,"href":"https:\/\/koerpertakt.de\/index.php?rest_route=\/wp\/v2\/pages\/100\/revisions\/1095"}],"wp:attachment":[{"href":"https:\/\/koerpertakt.de\/index.php?rest_route=%2Fwp%2Fv2%2Fmedia&parent=100"}],"curies":[{"name":"wp","href":"https:\/\/api.w.org\/{rel}","templated":true}]}}