{"id":106,"date":"2016-04-01T17:43:23","date_gmt":"2016-04-01T15:43:23","guid":{"rendered":"http:\/\/koerpertakt.de\/?page_id=106"},"modified":"2022-07-31T16:42:26","modified_gmt":"2022-07-31T14:42:26","slug":"klassisches-tapen","status":"publish","type":"page","link":"https:\/\/koerpertakt.de\/?page_id=106","title":{"rendered":"Klassisches Tapen"},"content":{"rendered":"\n<p class=\"has-black-color has-text-color has-medium-font-size\"><span style=\"color: #333333;\">Ein Tapeverband aus Pflasterklebeband, oft auch kurz als Tape oder Taping bezeichnet, wird in Sportmedizin, Unfallchirurgie und Orthop\u00e4die sowohl zur Behandlung als auch zur Pr\u00e4vention eingesetzt. Er stellt dabei die behandelten Gelenke oder Muskeln nicht vollst\u00e4ndig ruhig, sondern verhindert nur unerw\u00fcnschte oder \u00fcberm\u00e4\u00dfige Bewegungen (funktioneller Verband).<\/span><\/p>\n","protected":false},"excerpt":{"rendered":"<p>Ein Tapeverband aus Pflasterklebeband, oft auch kurz als Tape oder Taping bezeichnet, wird in Sportmedizin, Unfallchirurgie und Orthop\u00e4die sowohl zur Behandlung als auch zur Pr\u00e4vention eingesetzt. Er stellt dabei die behandelten Gelenke oder Muskeln nicht vollst\u00e4ndig ruhig, sondern verhindert nur unerw\u00fcnschte oder \u00fcberm\u00e4\u00dfige Bewegungen (funktioneller Verband).<\/p>\n","protected":false},"author":1,"featured_media":0,"parent":0,"menu_order":0,"comment_status":"closed","ping_status":"closed","template":"template-fullwidth.php","meta":{"footnotes":""},"class_list":["post-106","page","type-page","status-publish","hentry"],"_links":{"self":[{"href":"https:\/\/koerpertakt.de\/index.php?rest_route=\/wp\/v2\/pages\/106","targetHints":{"allow":["GET"]}}],"collection":[{"href":"https:\/\/koerpertakt.de\/index.php?rest_route=\/wp\/v2\/pages"}],"about":[{"href":"https:\/\/koerpertakt.de\/index.php?rest_route=\/wp\/v2\/types\/page"}],"author":[{"embeddable":true,"href":"https:\/\/koerpertakt.de\/index.php?rest_route=\/wp\/v2\/users\/1"}],"replies":[{"embeddable":true,"href":"https:\/\/koerpertakt.de\/index.php?rest_route=%2Fwp%2Fv2%2Fcomments&post=106"}],"version-history":[{"count":5,"href":"https:\/\/koerpertakt.de\/index.php?rest_route=\/wp\/v2\/pages\/106\/revisions"}],"predecessor-version":[{"id":1015,"href":"https:\/\/koerpertakt.de\/index.php?rest_route=\/wp\/v2\/pages\/106\/revisions\/1015"}],"wp:attachment":[{"href":"https:\/\/koerpertakt.de\/index.php?rest_route=%2Fwp%2Fv2%2Fmedia&parent=106"}],"curies":[{"name":"wp","href":"https:\/\/api.w.org\/{rel}","templated":true}]}}