{"id":1318,"date":"2024-06-17T22:01:42","date_gmt":"2024-06-17T20:01:42","guid":{"rendered":"https:\/\/koerpertakt.de\/?page_id=1318"},"modified":"2024-06-19T15:01:04","modified_gmt":"2024-06-19T13:01:04","slug":"terminvereinbarungkontakt","status":"publish","type":"page","link":"https:\/\/koerpertakt.de\/?page_id=1318","title":{"rendered":"Kontakt"},"content":{"rendered":"\n<div style=\"height:25px\" aria-hidden=\"true\" class=\"wp-block-spacer\"><\/div>\n\n\n<div class=\"wp-block-image is-style-rounded\">\n<figure class=\"alignleft size-large is-resized\"><img loading=\"lazy\" decoding=\"async\" width=\"999\" height=\"1024\" src=\"https:\/\/koerpertakt.de\/wp-content\/uploads\/2022\/06\/KoerperTakt_20220205-78-1-e1667854101851-999x1024.jpg\" alt=\"\" class=\"wp-image-953\" style=\"width:250px;height:256px\" srcset=\"https:\/\/koerpertakt.de\/wp-content\/uploads\/2022\/06\/KoerperTakt_20220205-78-1-e1667854101851-999x1024.jpg 999w, https:\/\/koerpertakt.de\/wp-content\/uploads\/2022\/06\/KoerperTakt_20220205-78-1-e1667854101851-293x300.jpg 293w, https:\/\/koerpertakt.de\/wp-content\/uploads\/2022\/06\/KoerperTakt_20220205-78-1-e1667854101851-768x787.jpg 768w, https:\/\/koerpertakt.de\/wp-content\/uploads\/2022\/06\/KoerperTakt_20220205-78-1-e1667854101851.jpg 1211w\" sizes=\"auto, (max-width: 706px) 89vw, (max-width: 767px) 82vw, 740px\" \/><\/figure>\n<\/div>\n\n\n<div style=\"height:15px\" aria-hidden=\"true\" class=\"wp-block-spacer\"><\/div>\n\n\n\n<p class=\"has-text-align-right has-black-color has-text-color\" style=\"font-size:15px;text-transform:uppercase\"><span style=\"color: #000000;\"><strong>unsere Anmeldung ist f\u00fcr Sie besetzt<\/strong><\/span><\/p>\n\n\n\n<p class=\"has-text-align-right\"><span style=\"color: #000000;\">Montags<br>9:00 &#8211; 13:00 Uhr &amp; 14:00 &#8211; 18:00 Uhr<\/span><\/p>\n\n\n\n<p class=\"has-text-align-right\"><span style=\"color: #000000;\">Dienstags &amp; Mittwochs<br>9:00 &#8211; 13:00 Uhr<\/span><\/p>\n\n\n\n<p class=\"has-text-align-right\"><span style=\"color: #000000;\">Donnerstags<br>14:00 &#8211; 18:00 Uhr<\/span><\/p>\n\n\n\n<p class=\"has-text-align-right\"><span style=\"color: #000000;\">Freitags<br>8:00 &#8211; 12:00 Uhr<\/span><\/p>\n\n\n\n<p class=\"has-text-align-right\"><span style=\"color: #000000;\">Nat\u00fcrlich k\u00f6nnen Sie uns auch jederzeit eine Nachricht hinterlassen oder eine e-Mail schreiben<\/span>.<\/p>\n\n\n\n<div style=\"height:15px\" aria-hidden=\"true\" class=\"wp-block-spacer\"><\/div>\n\n\n\n<p class=\"has-text-align-right has-black-color has-text-color\" style=\"font-size:15px;text-transform:uppercase\"><span style=\"color: #000000;\"><strong>\u00d6ffnungszeiten<\/strong><\/span><\/p>\n\n\n\n<p class=\"has-text-align-right has-black-color has-text-color\" style=\"font-size:15px\"><span style=\"color: #000000;\">Montag bis Donnerstag<br>8:00 &#8211; 18:30 Uhr<\/span><\/p>\n\n\n\n<p class=\"has-text-align-right has-black-color has-text-color\" style=\"font-size:15px\"><span style=\"color: #000000;\">Freitag<br>8:00 &#8211; 14:00 Uhr <\/span><\/p>\n\n\n\n<p class=\"has-text-align-right\"><span style=\"color: #000000;\">und nach Vereinbarung<\/span><\/p>\n\n\n\n<div style=\"height:15px\" aria-hidden=\"true\" class=\"wp-block-spacer\"><\/div>\n\n\n\n<h1 class=\"wp-block-heading has-text-align-right has-black-color has-text-color\" style=\"font-size:15px;text-transform:uppercase\"><span style=\"color: #000000;\"><strong>K\u00f6rperTakt Physiotherapie<\/strong><\/span><\/h1>\n\n\n\n<p class=\"has-text-align-right\"><span style=\"color: #000000;\">Sabina Kirschnereit<br>Virchowstra\u00dfe 52<br>45147 Essen<\/span><\/p>\n\n\n\n<p class=\"has-text-align-right\"><span style=\"color: #000000;\">Telefon: 0201\/53667853<\/span><br><span style=\"color: #000000;\">Telefax: 0201\/53667854<\/span><br> <span style=\"color: #000000;\"><a style=\"color: #000000;\" href=\"mailto:info@koerpertakt.de\">info@koerpertakt.de<\/a><\/span><\/p>\n\n\n\n<h2 class=\"wp-block-heading has-text-align-center has-black-color has-text-color\" style=\"font-size:17px;text-transform:none\"><strong>Ihr K\u00f6rperTaktTeam<\/strong><\/h2>\n\n\n\n<div style=\"height:35px\" aria-hidden=\"true\" class=\"wp-block-spacer\"><\/div>\n","protected":false},"excerpt":{"rendered":"<p>unsere Anmeldung ist f\u00fcr Sie besetzt Montags9:00 &#8211; 13:00 Uhr &amp; 14:00 &#8211; 18:00 Uhr Dienstags &amp; Mittwochs9:00 &#8211; 13:00 Uhr Donnerstags14:00 &#8211; 18:00 Uhr Freitags8:00 &#8211; 12:00 Uhr Nat\u00fcrlich k\u00f6nnen Sie uns auch jederzeit eine Nachricht hinterlassen oder eine e-Mail schreiben. \u00d6ffnungszeiten Montag bis Donnerstag8:00 &#8211; 18:30 Uhr Freitag8:00 &#8211; 14:00 Uhr und nach &hellip; <\/p>\n<p class=\"link-more\"><a href=\"https:\/\/koerpertakt.de\/?page_id=1318\" class=\"more-link\"><span class=\"screen-reader-text\">\u201eKontakt\u201c <\/span>weiterlesen<\/a><\/p>\n","protected":false},"author":1,"featured_media":0,"parent":0,"menu_order":0,"comment_status":"closed","ping_status":"closed","template":"","meta":{"footnotes":""},"class_list":["post-1318","page","type-page","status-publish","hentry"],"_links":{"self":[{"href":"https:\/\/koerpertakt.de\/index.php?rest_route=\/wp\/v2\/pages\/1318","targetHints":{"allow":["GET"]}}],"collection":[{"href":"https:\/\/koerpertakt.de\/index.php?rest_route=\/wp\/v2\/pages"}],"about":[{"href":"https:\/\/koerpertakt.de\/index.php?rest_route=\/wp\/v2\/types\/page"}],"author":[{"embeddable":true,"href":"https:\/\/koerpertakt.de\/index.php?rest_route=\/wp\/v2\/users\/1"}],"replies":[{"embeddable":true,"href":"https:\/\/koerpertakt.de\/index.php?rest_route=%2Fwp%2Fv2%2Fcomments&post=1318"}],"version-history":[{"count":3,"href":"https:\/\/koerpertakt.de\/index.php?rest_route=\/wp\/v2\/pages\/1318\/revisions"}],"predecessor-version":[{"id":1453,"href":"https:\/\/koerpertakt.de\/index.php?rest_route=\/wp\/v2\/pages\/1318\/revisions\/1453"}],"wp:attachment":[{"href":"https:\/\/koerpertakt.de\/index.php?rest_route=%2Fwp%2Fv2%2Fmedia&parent=1318"}],"curies":[{"name":"wp","href":"https:\/\/api.w.org\/{rel}","templated":true}]}}