{"id":1328,"date":"2024-06-17T22:07:19","date_gmt":"2024-06-17T20:07:19","guid":{"rendered":"https:\/\/koerpertakt.de\/?page_id=1328"},"modified":"2024-06-19T14:58:42","modified_gmt":"2024-06-19T12:58:42","slug":"wir-suchen-ab-sofort-verstaerkung-fuer-unsere-praxis-gesucht-wird-ein-physiotherapeut-m-w-d-in-vollzeit-oder-teilzeit","status":"publish","type":"page","link":"https:\/\/koerpertakt.de\/?page_id=1328","title":{"rendered":"Wir suchen ab sofort Verst\u00e4rkung f\u00fcr unsere Praxis. Gesucht wird ein Physiotherapeut (m\/w\/d) in Vollzeit oder Teilzeit."},"content":{"rendered":"\n<p><span style=\"color: #000000;\">Du siehst auch den Patienten im Vordergrund und hast Lust auf selbstst\u00e4ndiges Arbeiten im Angestelltenverh\u00e4ltnis?<\/span><\/p>\n\n\n\n<p><span style=\"color: #000000;\">Wir bieten:<\/span><\/p>\n\n\n\n<ul class=\"wp-block-list\">\n<li><span style=\"color: #000000;\">Patienten vorwiegend aus dem orthop\u00e4disch-chirurgischem Bereich<\/span><\/li>\n\n\n\n<li><span style=\"color: #000000;\">angenehme Arbeitsatmosph\u00e4re<\/span><\/li>\n\n\n\n<li><span style=\"color: #000000;\">Mitgestaltungsm\u00f6glichkeiten der Arbeitszeit<\/span><\/li>\n\n\n\n<li><span style=\"color: #000000;\">Vollzeit- oder Teilzeitstelle<\/span><\/li>\n<\/ul>\n\n\n\n<p><span style=\"color: #000000;\">Haben wir dein Interesse geweckt?<\/span><\/p>\n\n\n\n<p><span style=\"color: #000000;\">Dann freuen wir uns auf deine vollst\u00e4ndigen Bewerbungsunterlagen, gerne per E-Mail an:&nbsp;<a href=\"mailto:info@koerpertakt.de\">info@koerpertakt.de<\/a><\/span><\/p>\n","protected":false},"excerpt":{"rendered":"<p>Du siehst auch den Patienten im Vordergrund und hast Lust auf selbstst\u00e4ndiges Arbeiten im Angestelltenverh\u00e4ltnis? Wir bieten: Haben wir dein Interesse geweckt? Dann freuen wir uns auf deine vollst\u00e4ndigen Bewerbungsunterlagen, gerne per E-Mail an:&nbsp;info@koerpertakt.de<\/p>\n","protected":false},"author":1,"featured_media":0,"parent":0,"menu_order":0,"comment_status":"closed","ping_status":"closed","template":"","meta":{"footnotes":""},"class_list":["post-1328","page","type-page","status-publish","hentry"],"_links":{"self":[{"href":"https:\/\/koerpertakt.de\/index.php?rest_route=\/wp\/v2\/pages\/1328","targetHints":{"allow":["GET"]}}],"collection":[{"href":"https:\/\/koerpertakt.de\/index.php?rest_route=\/wp\/v2\/pages"}],"about":[{"href":"https:\/\/koerpertakt.de\/index.php?rest_route=\/wp\/v2\/types\/page"}],"author":[{"embeddable":true,"href":"https:\/\/koerpertakt.de\/index.php?rest_route=\/wp\/v2\/users\/1"}],"replies":[{"embeddable":true,"href":"https:\/\/koerpertakt.de\/index.php?rest_route=%2Fwp%2Fv2%2Fcomments&post=1328"}],"version-history":[{"count":4,"href":"https:\/\/koerpertakt.de\/index.php?rest_route=\/wp\/v2\/pages\/1328\/revisions"}],"predecessor-version":[{"id":1451,"href":"https:\/\/koerpertakt.de\/index.php?rest_route=\/wp\/v2\/pages\/1328\/revisions\/1451"}],"wp:attachment":[{"href":"https:\/\/koerpertakt.de\/index.php?rest_route=%2Fwp%2Fv2%2Fmedia&parent=1328"}],"curies":[{"name":"wp","href":"https:\/\/api.w.org\/{rel}","templated":true}]}}