{"id":256,"date":"2016-05-06T11:15:17","date_gmt":"2016-05-06T09:15:17","guid":{"rendered":"http:\/\/koerpertakt.de\/?page_id=256"},"modified":"2022-07-31T16:42:26","modified_gmt":"2022-07-31T14:42:26","slug":"kryotherapie-kaeltetherapie","status":"publish","type":"page","link":"https:\/\/koerpertakt.de\/?page_id=256","title":{"rendered":"Kryotherapie (K\u00e4ltetherapie)"},"content":{"rendered":"\n<p class=\"has-black-color has-text-color has-medium-font-size\"><span style=\"color: #333333;\">Bei der Kryotherapie wird K\u00e4lte gezielt zur lokalen Therapie eingesetzt,denn K\u00e4lte entzieht dem K\u00f6rper W\u00e4rme. Bei einer niederen K\u00f6rpertemperatur laufen Entz\u00fcndungsprozesse verlangsamt ab, da die sogenannten Entz\u00fcndungmediatoren inaktiver werden.<\/span><\/p>\n\n\n\n<p class=\"has-black-color has-text-color has-medium-font-size\"><span style=\"color: #333333;\">Eispackungen, Eiswickel und Eismannschetten:\u00a0In Beuteln verpacktes und gek\u00fchltes Material wie K\u00fchlgel, Moor oder Eis kann man zum K\u00fchlen bestimmter K\u00f6rperareale benutzen.<\/span><\/p>\n\n\n\n<p class=\"has-black-color has-text-color has-medium-font-size\"><span style=\"color: #333333;\">Eislollys:\u00a0Das ist in Form eines Lollys gefrorenes Wasser. Der Eislolly wird \u00fcber die Haut gestrichen, beispielsweise um Schmerzen oder Schwellungen zu lindern.<\/span><\/p>\n","protected":false},"excerpt":{"rendered":"<p>Bei der Kryotherapie wird K\u00e4lte gezielt zur lokalen Therapie eingesetzt,denn K\u00e4lte entzieht dem K\u00f6rper W\u00e4rme. Bei einer niederen K\u00f6rpertemperatur laufen Entz\u00fcndungsprozesse verlangsamt ab, da die sogenannten Entz\u00fcndungmediatoren inaktiver werden. Eispackungen, Eiswickel und Eismannschetten:\u00a0In Beuteln verpacktes und gek\u00fchltes Material wie K\u00fchlgel, Moor oder Eis kann man zum K\u00fchlen bestimmter K\u00f6rperareale benutzen. Eislollys:\u00a0Das ist in Form eines &hellip; <\/p>\n<p class=\"link-more\"><a href=\"https:\/\/koerpertakt.de\/?page_id=256\" class=\"more-link\"><span class=\"screen-reader-text\">\u201eKryotherapie (K\u00e4ltetherapie)\u201c <\/span>weiterlesen<\/a><\/p>\n","protected":false},"author":1,"featured_media":0,"parent":0,"menu_order":0,"comment_status":"closed","ping_status":"closed","template":"template-fullwidth.php","meta":{"footnotes":""},"class_list":["post-256","page","type-page","status-publish","hentry"],"_links":{"self":[{"href":"https:\/\/koerpertakt.de\/index.php?rest_route=\/wp\/v2\/pages\/256","targetHints":{"allow":["GET"]}}],"collection":[{"href":"https:\/\/koerpertakt.de\/index.php?rest_route=\/wp\/v2\/pages"}],"about":[{"href":"https:\/\/koerpertakt.de\/index.php?rest_route=\/wp\/v2\/types\/page"}],"author":[{"embeddable":true,"href":"https:\/\/koerpertakt.de\/index.php?rest_route=\/wp\/v2\/users\/1"}],"replies":[{"embeddable":true,"href":"https:\/\/koerpertakt.de\/index.php?rest_route=%2Fwp%2Fv2%2Fcomments&post=256"}],"version-history":[{"count":4,"href":"https:\/\/koerpertakt.de\/index.php?rest_route=\/wp\/v2\/pages\/256\/revisions"}],"predecessor-version":[{"id":1016,"href":"https:\/\/koerpertakt.de\/index.php?rest_route=\/wp\/v2\/pages\/256\/revisions\/1016"}],"wp:attachment":[{"href":"https:\/\/koerpertakt.de\/index.php?rest_route=%2Fwp%2Fv2%2Fmedia&parent=256"}],"curies":[{"name":"wp","href":"https:\/\/api.w.org\/{rel}","templated":true}]}}